{"id":2,"date":"2024-04-02T15:47:49","date_gmt":"2024-04-02T15:47:49","guid":{"rendered":"https:\/\/agricolabgl.rkinformatika.online\/?page_id=2"},"modified":"2024-04-15T08:42:51","modified_gmt":"2024-04-15T08:42:51","slug":"servicios","status":"publish","type":"page","link":"https:\/\/agricolabgl.com\/eus\/servicios\/","title":{"rendered":"Zerbitzuak"},"content":{"rendered":"<div data-elementor-type=\"wp-page\" data-elementor-id=\"2\" class=\"elementor elementor-2\" data-elementor-post-type=\"page\">\n\t\t\t\t<div class=\"elementor-element elementor-element-7f596710 e-flex e-con-boxed e-con e-parent\" data-id=\"7f596710\" data-element_type=\"container\" data-e-type=\"container\" data-settings=\"{&quot;background_background&quot;:&quot;classic&quot;}\">\n\t\t\t\t\t<div class=\"e-con-inner\">\n\t\t\t\t\t<\/div>\n\t\t\t\t<\/div>\n\t\t<div class=\"elementor-element elementor-element-4d18795d e-flex e-con-boxed e-con e-parent\" data-id=\"4d18795d\" data-element_type=\"container\" data-e-type=\"container\">\n\t\t\t\t\t<div class=\"e-con-inner\">\n\t\t<div class=\"elementor-element elementor-element-7de2da92 e-con-full e-flex e-con e-child\" data-id=\"7de2da92\" data-element_type=\"container\" data-e-type=\"container\">\n\t\t<div class=\"elementor-element elementor-element-2a82cf64 e-flex e-con-boxed e-con e-child\" data-id=\"2a82cf64\" data-element_type=\"container\" data-e-type=\"container\">\n\t\t\t\t\t<div class=\"e-con-inner\">\n\t\t<div class=\"elementor-element elementor-element-3bdffe9c e-con-full e-flex e-con e-child\" data-id=\"3bdffe9c\" data-element_type=\"container\" data-e-type=\"container\" data-settings=\"{&quot;background_background&quot;:&quot;classic&quot;}\">\n\t\t\t\t<div class=\"elementor-element elementor-element-10f3c54b elementor-position-top elementor-widget elementor-widget-image-box\" data-id=\"10f3c54b\" data-element_type=\"widget\" data-e-type=\"widget\" data-widget_type=\"image-box.default\">\n\t\t\t\t<div class=\"elementor-widget-container\">\n\t\t\t\t\t<div class=\"elementor-image-box-wrapper\"><figure class=\"elementor-image-box-img\"><a href=\"#\" tabindex=\"-1\"><img fetchpriority=\"high\" decoding=\"async\" width=\"2000\" height=\"1333\" src=\"https:\/\/agricolabgl.com\/wp-content\/uploads\/2024\/04\/pruning-of-bushes-with-garden-shears.jpg\" class=\"attachment-full size-full wp-image-149\" alt=\"pruning of bushes with garden shears\" srcset=\"https:\/\/agricolabgl.com\/wp-content\/uploads\/2024\/04\/pruning-of-bushes-with-garden-shears.jpg 2000w, https:\/\/agricolabgl.com\/wp-content\/uploads\/2024\/04\/pruning-of-bushes-with-garden-shears-300x200.jpg 300w, https:\/\/agricolabgl.com\/wp-content\/uploads\/2024\/04\/pruning-of-bushes-with-garden-shears-1024x682.jpg 1024w, https:\/\/agricolabgl.com\/wp-content\/uploads\/2024\/04\/pruning-of-bushes-with-garden-shears-768x512.jpg 768w, https:\/\/agricolabgl.com\/wp-content\/uploads\/2024\/04\/pruning-of-bushes-with-garden-shears-1536x1024.jpg 1536w, https:\/\/agricolabgl.com\/wp-content\/uploads\/2024\/04\/pruning-of-bushes-with-garden-shears-18x12.jpg 18w\" sizes=\"(max-width: 2000px) 100vw, 2000px\" \/><\/a><\/figure><div class=\"elementor-image-box-content\"><h6 class=\"elementor-image-box-title\"><a href=\"#\">Podas<\/a><\/h6><p class=\"elementor-image-box-description\">Nuestro servicio de podas para agricultura ofrece una soluci\u00f3n profesional y especializada para el manejo adecuado de \u00e1rboles y plantas en explotaciones agr\u00edcolas, promoviendo un crecimiento saludable y una mayor productividad. Con t\u00e9cnicas precisas y un enfoque cuidadoso, garantizamos la salud y el desarrollo \u00f3ptimo de tus cultivos.<\/p><\/div><\/div>\t\t\t\t<\/div>\n\t\t\t\t<\/div>\n\t\t\t\t<\/div>\n\t\t<div class=\"elementor-element elementor-element-1051d5a9 e-con-full e-flex e-con e-child\" data-id=\"1051d5a9\" data-element_type=\"container\" data-e-type=\"container\" data-settings=\"{&quot;background_background&quot;:&quot;classic&quot;}\">\n\t\t\t\t<div class=\"elementor-element elementor-element-1ab3de6b elementor-position-top elementor-widget elementor-widget-image-box\" data-id=\"1ab3de6b\" data-element_type=\"widget\" data-e-type=\"widget\" data-widget_type=\"image-box.default\">\n\t\t\t\t<div class=\"elementor-widget-container\">\n\t\t\t\t\t<div class=\"elementor-image-box-wrapper\"><figure class=\"elementor-image-box-img\"><a href=\"#\" tabindex=\"-1\"><img decoding=\"async\" width=\"2000\" height=\"1333\" src=\"https:\/\/agricolabgl.com\/wp-content\/uploads\/2024\/04\/agricultural-growth-various-fields-agriculture-farming-field.jpg\" class=\"attachment-full size-full wp-image-150\" alt=\"Agricultural Growth -Various Fields - Agriculture Farming Field\" srcset=\"https:\/\/agricolabgl.com\/wp-content\/uploads\/2024\/04\/agricultural-growth-various-fields-agriculture-farming-field.jpg 2000w, https:\/\/agricolabgl.com\/wp-content\/uploads\/2024\/04\/agricultural-growth-various-fields-agriculture-farming-field-300x200.jpg 300w, https:\/\/agricolabgl.com\/wp-content\/uploads\/2024\/04\/agricultural-growth-various-fields-agriculture-farming-field-1024x682.jpg 1024w, https:\/\/agricolabgl.com\/wp-content\/uploads\/2024\/04\/agricultural-growth-various-fields-agriculture-farming-field-768x512.jpg 768w, https:\/\/agricolabgl.com\/wp-content\/uploads\/2024\/04\/agricultural-growth-various-fields-agriculture-farming-field-1536x1024.jpg 1536w, https:\/\/agricolabgl.com\/wp-content\/uploads\/2024\/04\/agricultural-growth-various-fields-agriculture-farming-field-18x12.jpg 18w\" sizes=\"(max-width: 2000px) 100vw, 2000px\" \/><\/a><\/figure><div class=\"elementor-image-box-content\"><h6 class=\"elementor-image-box-title\"><a href=\"#\">Labores de campa\u00f1a<\/a><\/h6><p class=\"elementor-image-box-description\">Ofrecemos servicios de labores de campa\u00f1a agr\u00edcola, incluyendo siembra, fertilizaci\u00f3n y aplicaci\u00f3n de agroqu\u00edmicos, utilizando tecnolog\u00eda de vanguardia y pr\u00e1cticas sostenibles para optimizar el rendimiento de los cultivos y garantizar una producci\u00f3n de alta calidad<\/p><\/div><\/div>\t\t\t\t<\/div>\n\t\t\t\t<\/div>\n\t\t\t\t<\/div>\n\t\t<div class=\"elementor-element elementor-element-58bcb9cb e-con-full e-flex e-con e-child\" data-id=\"58bcb9cb\" data-element_type=\"container\" data-e-type=\"container\" data-settings=\"{&quot;background_background&quot;:&quot;classic&quot;}\">\n\t\t\t\t<div class=\"elementor-element elementor-element-7a9a0be6 elementor-position-top elementor-widget elementor-widget-image-box\" data-id=\"7a9a0be6\" data-element_type=\"widget\" data-e-type=\"widget\" data-widget_type=\"image-box.default\">\n\t\t\t\t<div class=\"elementor-widget-container\">\n\t\t\t\t\t<div class=\"elementor-image-box-wrapper\"><figure class=\"elementor-image-box-img\"><a href=\"#\" tabindex=\"-1\"><img decoding=\"async\" width=\"2000\" height=\"1332\" src=\"https:\/\/agricolabgl.com\/wp-content\/uploads\/2024\/04\/botanical-garden-on-the-paradise-island-of-mauritius-mauritius-island-in-the-indian-ocean.jpg\" class=\"attachment-full size-full wp-image-151\" alt=\"Botanical garden on the Paradise island of Mauritius. Mauritius island in the Indian ocean\" srcset=\"https:\/\/agricolabgl.com\/wp-content\/uploads\/2024\/04\/botanical-garden-on-the-paradise-island-of-mauritius-mauritius-island-in-the-indian-ocean.jpg 2000w, https:\/\/agricolabgl.com\/wp-content\/uploads\/2024\/04\/botanical-garden-on-the-paradise-island-of-mauritius-mauritius-island-in-the-indian-ocean-300x200.jpg 300w, https:\/\/agricolabgl.com\/wp-content\/uploads\/2024\/04\/botanical-garden-on-the-paradise-island-of-mauritius-mauritius-island-in-the-indian-ocean-1024x682.jpg 1024w, https:\/\/agricolabgl.com\/wp-content\/uploads\/2024\/04\/botanical-garden-on-the-paradise-island-of-mauritius-mauritius-island-in-the-indian-ocean-768x511.jpg 768w, https:\/\/agricolabgl.com\/wp-content\/uploads\/2024\/04\/botanical-garden-on-the-paradise-island-of-mauritius-mauritius-island-in-the-indian-ocean-1536x1023.jpg 1536w, https:\/\/agricolabgl.com\/wp-content\/uploads\/2024\/04\/botanical-garden-on-the-paradise-island-of-mauritius-mauritius-island-in-the-indian-ocean-18x12.jpg 18w\" sizes=\"(max-width: 2000px) 100vw, 2000px\" \/><\/a><\/figure><div class=\"elementor-image-box-content\"><h6 class=\"elementor-image-box-title\"><a href=\"#\">Peque\u00f1os jardines<\/a><\/h6><p class=\"elementor-image-box-description\">Nuestro servicio de jardiner\u00eda para agricultura se especializa en la creaci\u00f3n y mantenimiento de peque\u00f1os jardines agr\u00edcolas, ofreciendo dise\u00f1o personalizado y cuidados especializados para maximizar la producci\u00f3n en espacios limitados con t\u00e9cnicas eficientes y sostenibles.<\/p><\/div><\/div>\t\t\t\t<\/div>\n\t\t\t\t<\/div>\n\t\t\t\t<\/div>\n\t\t<div class=\"elementor-element elementor-element-5d48b241 e-con-full e-flex e-con e-child\" data-id=\"5d48b241\" data-element_type=\"container\" data-e-type=\"container\" data-settings=\"{&quot;background_background&quot;:&quot;classic&quot;}\">\n\t\t\t\t<div class=\"elementor-element elementor-element-74a5f822 elementor-position-top elementor-widget elementor-widget-image-box\" data-id=\"74a5f822\" data-element_type=\"widget\" data-e-type=\"widget\" data-widget_type=\"image-box.default\">\n\t\t\t\t<div class=\"elementor-widget-container\">\n\t\t\t\t\t<div class=\"elementor-image-box-wrapper\"><figure class=\"elementor-image-box-img\"><a href=\"#\" tabindex=\"-1\"><img loading=\"lazy\" decoding=\"async\" width=\"2000\" height=\"1328\" src=\"https:\/\/agricolabgl.com\/wp-content\/uploads\/2024\/04\/landscape-view-of-beautiful-vintage-vineyards-with-colorful-foliage-and-wooden-poles.jpg\" class=\"attachment-full size-full wp-image-152\" alt=\"Landscape view of beautiful vintage vineyards with colorful foliage and wooden poles\" srcset=\"https:\/\/agricolabgl.com\/wp-content\/uploads\/2024\/04\/landscape-view-of-beautiful-vintage-vineyards-with-colorful-foliage-and-wooden-poles.jpg 2000w, https:\/\/agricolabgl.com\/wp-content\/uploads\/2024\/04\/landscape-view-of-beautiful-vintage-vineyards-with-colorful-foliage-and-wooden-poles-300x199.jpg 300w, https:\/\/agricolabgl.com\/wp-content\/uploads\/2024\/04\/landscape-view-of-beautiful-vintage-vineyards-with-colorful-foliage-and-wooden-poles-1024x680.jpg 1024w, https:\/\/agricolabgl.com\/wp-content\/uploads\/2024\/04\/landscape-view-of-beautiful-vintage-vineyards-with-colorful-foliage-and-wooden-poles-768x510.jpg 768w, https:\/\/agricolabgl.com\/wp-content\/uploads\/2024\/04\/landscape-view-of-beautiful-vintage-vineyards-with-colorful-foliage-and-wooden-poles-1536x1020.jpg 1536w, https:\/\/agricolabgl.com\/wp-content\/uploads\/2024\/04\/landscape-view-of-beautiful-vintage-vineyards-with-colorful-foliage-and-wooden-poles-18x12.jpg 18w\" sizes=\"(max-width: 2000px) 100vw, 2000px\" \/><\/a><\/figure><div class=\"elementor-image-box-content\"><h6 class=\"elementor-image-box-title\"><a href=\"#\">Vendimia<\/a><\/h6><p class=\"elementor-image-box-description\">Nuestro servicio de vendimia ofrece una mano de obra experta y eficiente para recolectar uvas en el momento \u00f3ptimo de madurez, garantizando as\u00ed la calidad de la cosecha y maximizando el rendimiento para los productores vin\u00edcolas.<\/p><\/div><\/div>\t\t\t\t<\/div>\n\t\t\t\t<\/div>\n\t\t\t\t<\/div>\n\t\t\t\t\t<\/div>\n\t\t\t\t<\/div>\n\t\t<div class=\"elementor-element elementor-element-8673f8e e-flex e-con-boxed e-con e-child\" data-id=\"8673f8e\" data-element_type=\"container\" data-e-type=\"container\">\n\t\t\t\t\t<div class=\"e-con-inner\">\n\t\t\t\t<div class=\"elementor-element elementor-element-0636aa5 elementor-position-top elementor-widget elementor-widget-image-box\" data-id=\"0636aa5\" data-element_type=\"widget\" data-e-type=\"widget\" data-widget_type=\"image-box.default\">\n\t\t\t\t<div class=\"elementor-widget-container\">\n\t\t\t\t\t<div class=\"elementor-image-box-wrapper\"><figure class=\"elementor-image-box-img\"><a href=\"#\" tabindex=\"-1\"><img loading=\"lazy\" decoding=\"async\" width=\"2000\" height=\"1335\" src=\"https:\/\/agricolabgl.com\/wp-content\/uploads\/2024\/04\/couple-of-lovely-garden-workers-in-job-clothes-taking-care-of-plant-in-the-pot-in-the-greenhouse.jpg\" class=\"attachment-full size-full wp-image-212\" alt=\"Couple of lovely garden workers in job clothes taking care of plant in the pot in the greenhouse\" srcset=\"https:\/\/agricolabgl.com\/wp-content\/uploads\/2024\/04\/couple-of-lovely-garden-workers-in-job-clothes-taking-care-of-plant-in-the-pot-in-the-greenhouse.jpg 2000w, https:\/\/agricolabgl.com\/wp-content\/uploads\/2024\/04\/couple-of-lovely-garden-workers-in-job-clothes-taking-care-of-plant-in-the-pot-in-the-greenhouse-300x200.jpg 300w, https:\/\/agricolabgl.com\/wp-content\/uploads\/2024\/04\/couple-of-lovely-garden-workers-in-job-clothes-taking-care-of-plant-in-the-pot-in-the-greenhouse-1024x684.jpg 1024w, https:\/\/agricolabgl.com\/wp-content\/uploads\/2024\/04\/couple-of-lovely-garden-workers-in-job-clothes-taking-care-of-plant-in-the-pot-in-the-greenhouse-768x513.jpg 768w, https:\/\/agricolabgl.com\/wp-content\/uploads\/2024\/04\/couple-of-lovely-garden-workers-in-job-clothes-taking-care-of-plant-in-the-pot-in-the-greenhouse-1536x1025.jpg 1536w, https:\/\/agricolabgl.com\/wp-content\/uploads\/2024\/04\/couple-of-lovely-garden-workers-in-job-clothes-taking-care-of-plant-in-the-pot-in-the-greenhouse-18x12.jpg 18w\" sizes=\"(max-width: 2000px) 100vw, 2000px\" \/><\/a><\/figure><div class=\"elementor-image-box-content\"><h6 class=\"elementor-image-box-title\"><a href=\"#\">Asesoramiento<\/a><\/h6><p class=\"elementor-image-box-description\">Nuestro servicio de asesoramiento agr\u00edcola ofrece soluciones personalizadas para optimizar la producci\u00f3n, gestionar eficientemente los recursos y promover la sostenibilidad en las explotaciones agr\u00edcolas. Con un enfoque centrado en el cliente y el conocimiento especializado, ayudamos a los agricultores a alcanzar sus objetivos de manera efectiva y rentable.<\/p><\/div><\/div>\t\t\t\t<\/div>\n\t\t\t\t<\/div>\n\t\t\t\t\t<\/div>\n\t\t\t\t<\/div>\n\t\t\t\t<\/div>\n\t\t\t\t\t<\/div>\n\t\t\t\t<\/div>\n\t\t\t\t<\/div>","protected":false},"excerpt":{"rendered":"<p>Podas Nuestro servicio de podas para agricultura ofrece una soluci\u00f3n profesional y especializada para el manejo adecuado de \u00e1rboles y plantas en explotaciones agr\u00edcolas, promoviendo un crecimiento saludable y una mayor productividad. Con t\u00e9cnicas precisas y un enfoque cuidadoso, garantizamos la salud y el desarrollo \u00f3ptimo de tus cultivos. Labores de campa\u00f1a Ofrecemos servicios de [&hellip;]<\/p>\n","protected":false},"author":1,"featured_media":0,"parent":0,"menu_order":0,"comment_status":"closed","ping_status":"closed","template":"elementor_canvas","meta":{"footnotes":""},"class_list":["post-2","page","type-page","status-publish","hentry"],"yoast_head":"<!-- This site is optimized with the Yoast SEO plugin v27.4 - https:\/\/yoast.com\/product\/yoast-seo-wordpress\/ -->\n<title>Servicios - BGL Servicios y Asesoramient Agricola SL<\/title>\n<meta name=\"robots\" content=\"index, follow, max-snippet:-1, max-image-preview:large, max-video-preview:-1\" \/>\n<link rel=\"canonical\" href=\"https:\/\/agricolabgl.com\/eus\/servicios\/\" \/>\n<meta property=\"og:locale\" content=\"en_US\" \/>\n<meta property=\"og:type\" content=\"article\" \/>\n<meta property=\"og:title\" content=\"Servicios - BGL Servicios y Asesoramient Agricola SL\" \/>\n<meta property=\"og:description\" content=\"Podas Nuestro servicio de podas para agricultura ofrece una soluci\u00f3n profesional y especializada para el manejo adecuado de \u00e1rboles y plantas en explotaciones agr\u00edcolas, promoviendo un crecimiento saludable y una mayor productividad. Con t\u00e9cnicas precisas y un enfoque cuidadoso, garantizamos la salud y el desarrollo \u00f3ptimo de tus cultivos. Labores de campa\u00f1a Ofrecemos servicios de [&hellip;]\" \/>\n<meta property=\"og:url\" content=\"https:\/\/agricolabgl.com\/eus\/servicios\/\" \/>\n<meta property=\"og:site_name\" content=\"BGL Servicios y Asesoramient Agricola SL\" \/>\n<meta property=\"article:modified_time\" content=\"2024-04-15T08:42:51+00:00\" \/>\n<meta property=\"og:image\" content=\"https:\/\/agricolabgl.com\/wp-content\/uploads\/2024\/04\/pruning-of-bushes-with-garden-shears.jpg\" \/>\n<meta name=\"twitter:card\" content=\"summary_large_image\" \/>\n<meta name=\"twitter:label1\" content=\"Est. reading time\" \/>\n\t<meta name=\"twitter:data1\" content=\"2 minutua\" \/>\n<script type=\"application\/ld+json\" class=\"yoast-schema-graph\">{\"@context\":\"https:\\\/\\\/schema.org\",\"@graph\":[{\"@type\":\"WebPage\",\"@id\":\"https:\\\/\\\/agricolabgl.com\\\/servicios\\\/\",\"url\":\"https:\\\/\\\/agricolabgl.com\\\/servicios\\\/\",\"name\":\"Servicios - BGL Servicios y Asesoramient Agricola SL\",\"isPartOf\":{\"@id\":\"https:\\\/\\\/agricolabgl.com\\\/#website\"},\"primaryImageOfPage\":{\"@id\":\"https:\\\/\\\/agricolabgl.com\\\/servicios\\\/#primaryimage\"},\"image\":{\"@id\":\"https:\\\/\\\/agricolabgl.com\\\/servicios\\\/#primaryimage\"},\"thumbnailUrl\":\"https:\\\/\\\/agricolabgl.com\\\/wp-content\\\/uploads\\\/2024\\\/04\\\/pruning-of-bushes-with-garden-shears.jpg\",\"datePublished\":\"2024-04-02T15:47:49+00:00\",\"dateModified\":\"2024-04-15T08:42:51+00:00\",\"breadcrumb\":{\"@id\":\"https:\\\/\\\/agricolabgl.com\\\/servicios\\\/#breadcrumb\"},\"inLanguage\":\"eu\",\"potentialAction\":[{\"@type\":\"ReadAction\",\"target\":[\"https:\\\/\\\/agricolabgl.com\\\/servicios\\\/\"]}]},{\"@type\":\"ImageObject\",\"inLanguage\":\"eu\",\"@id\":\"https:\\\/\\\/agricolabgl.com\\\/servicios\\\/#primaryimage\",\"url\":\"https:\\\/\\\/agricolabgl.com\\\/wp-content\\\/uploads\\\/2024\\\/04\\\/pruning-of-bushes-with-garden-shears.jpg\",\"contentUrl\":\"https:\\\/\\\/agricolabgl.com\\\/wp-content\\\/uploads\\\/2024\\\/04\\\/pruning-of-bushes-with-garden-shears.jpg\"},{\"@type\":\"BreadcrumbList\",\"@id\":\"https:\\\/\\\/agricolabgl.com\\\/servicios\\\/#breadcrumb\",\"itemListElement\":[{\"@type\":\"ListItem\",\"position\":1,\"name\":\"Portada\",\"item\":\"https:\\\/\\\/agricolabgl.com\\\/\"},{\"@type\":\"ListItem\",\"position\":2,\"name\":\"Servicios\"}]},{\"@type\":\"WebSite\",\"@id\":\"https:\\\/\\\/agricolabgl.com\\\/#website\",\"url\":\"https:\\\/\\\/agricolabgl.com\\\/\",\"name\":\"BGL Servicios y Asesoramient Agricola SL\",\"description\":\"\",\"publisher\":{\"@id\":\"https:\\\/\\\/agricolabgl.com\\\/#organization\"},\"potentialAction\":[{\"@type\":\"SearchAction\",\"target\":{\"@type\":\"EntryPoint\",\"urlTemplate\":\"https:\\\/\\\/agricolabgl.com\\\/?s={search_term_string}\"},\"query-input\":{\"@type\":\"PropertyValueSpecification\",\"valueRequired\":true,\"valueName\":\"search_term_string\"}}],\"inLanguage\":\"eu\"},{\"@type\":\"Organization\",\"@id\":\"https:\\\/\\\/agricolabgl.com\\\/#organization\",\"name\":\"BGL Servicios y Asesoramient Agricola SL\",\"url\":\"https:\\\/\\\/agricolabgl.com\\\/\",\"logo\":{\"@type\":\"ImageObject\",\"inLanguage\":\"eu\",\"@id\":\"https:\\\/\\\/agricolabgl.com\\\/#\\\/schema\\\/logo\\\/image\\\/\",\"url\":\"https:\\\/\\\/agricolabgl.com\\\/wp-content\\\/uploads\\\/2024\\\/04\\\/cropped-logotipo.png\",\"contentUrl\":\"https:\\\/\\\/agricolabgl.com\\\/wp-content\\\/uploads\\\/2024\\\/04\\\/cropped-logotipo.png\",\"width\":300,\"height\":202,\"caption\":\"BGL Servicios y Asesoramient Agricola SL\"},\"image\":{\"@id\":\"https:\\\/\\\/agricolabgl.com\\\/#\\\/schema\\\/logo\\\/image\\\/\"}}]}<\/script>\n<!-- \/ Yoast SEO plugin. -->","yoast_head_json":{"title":"Servicios - BGL Servicios y Asesoramient Agricola SL","robots":{"index":"index","follow":"follow","max-snippet":"max-snippet:-1","max-image-preview":"max-image-preview:large","max-video-preview":"max-video-preview:-1"},"canonical":"https:\/\/agricolabgl.com\/eus\/servicios\/","og_locale":"en_US","og_type":"article","og_title":"Servicios - BGL Servicios y Asesoramient Agricola SL","og_description":"Podas Nuestro servicio de podas para agricultura ofrece una soluci\u00f3n profesional y especializada para el manejo adecuado de \u00e1rboles y plantas en explotaciones agr\u00edcolas, promoviendo un crecimiento saludable y una mayor productividad. Con t\u00e9cnicas precisas y un enfoque cuidadoso, garantizamos la salud y el desarrollo \u00f3ptimo de tus cultivos. Labores de campa\u00f1a Ofrecemos servicios de [&hellip;]","og_url":"https:\/\/agricolabgl.com\/eus\/servicios\/","og_site_name":"BGL Servicios y Asesoramient Agricola SL","article_modified_time":"2024-04-15T08:42:51+00:00","og_image":[{"url":"https:\/\/agricolabgl.com\/wp-content\/uploads\/2024\/04\/pruning-of-bushes-with-garden-shears.jpg","type":"","width":"","height":""}],"twitter_card":"summary_large_image","twitter_misc":{"Est. reading time":"2 minutua"},"schema":{"@context":"https:\/\/schema.org","@graph":[{"@type":"WebPage","@id":"https:\/\/agricolabgl.com\/servicios\/","url":"https:\/\/agricolabgl.com\/servicios\/","name":"Servicios - BGL Servicios y Asesoramient Agricola SL","isPartOf":{"@id":"https:\/\/agricolabgl.com\/#website"},"primaryImageOfPage":{"@id":"https:\/\/agricolabgl.com\/servicios\/#primaryimage"},"image":{"@id":"https:\/\/agricolabgl.com\/servicios\/#primaryimage"},"thumbnailUrl":"https:\/\/agricolabgl.com\/wp-content\/uploads\/2024\/04\/pruning-of-bushes-with-garden-shears.jpg","datePublished":"2024-04-02T15:47:49+00:00","dateModified":"2024-04-15T08:42:51+00:00","breadcrumb":{"@id":"https:\/\/agricolabgl.com\/servicios\/#breadcrumb"},"inLanguage":"eu","potentialAction":[{"@type":"ReadAction","target":["https:\/\/agricolabgl.com\/servicios\/"]}]},{"@type":"ImageObject","inLanguage":"eu","@id":"https:\/\/agricolabgl.com\/servicios\/#primaryimage","url":"https:\/\/agricolabgl.com\/wp-content\/uploads\/2024\/04\/pruning-of-bushes-with-garden-shears.jpg","contentUrl":"https:\/\/agricolabgl.com\/wp-content\/uploads\/2024\/04\/pruning-of-bushes-with-garden-shears.jpg"},{"@type":"BreadcrumbList","@id":"https:\/\/agricolabgl.com\/servicios\/#breadcrumb","itemListElement":[{"@type":"ListItem","position":1,"name":"Portada","item":"https:\/\/agricolabgl.com\/"},{"@type":"ListItem","position":2,"name":"Servicios"}]},{"@type":"WebSite","@id":"https:\/\/agricolabgl.com\/#website","url":"https:\/\/agricolabgl.com\/","name":"BGL Servicios y Asesoramient Agricola SL","description":"","publisher":{"@id":"https:\/\/agricolabgl.com\/#organization"},"potentialAction":[{"@type":"SearchAction","target":{"@type":"EntryPoint","urlTemplate":"https:\/\/agricolabgl.com\/?s={search_term_string}"},"query-input":{"@type":"PropertyValueSpecification","valueRequired":true,"valueName":"search_term_string"}}],"inLanguage":"eu"},{"@type":"Organization","@id":"https:\/\/agricolabgl.com\/#organization","name":"BGL Servicios y Asesoramient Agricola SL","url":"https:\/\/agricolabgl.com\/","logo":{"@type":"ImageObject","inLanguage":"eu","@id":"https:\/\/agricolabgl.com\/#\/schema\/logo\/image\/","url":"https:\/\/agricolabgl.com\/wp-content\/uploads\/2024\/04\/cropped-logotipo.png","contentUrl":"https:\/\/agricolabgl.com\/wp-content\/uploads\/2024\/04\/cropped-logotipo.png","width":300,"height":202,"caption":"BGL Servicios y Asesoramient Agricola SL"},"image":{"@id":"https:\/\/agricolabgl.com\/#\/schema\/logo\/image\/"}}]}},"_links":{"self":[{"href":"https:\/\/agricolabgl.com\/eus\/wp-json\/wp\/v2\/pages\/2","targetHints":{"allow":["GET"]}}],"collection":[{"href":"https:\/\/agricolabgl.com\/eus\/wp-json\/wp\/v2\/pages"}],"about":[{"href":"https:\/\/agricolabgl.com\/eus\/wp-json\/wp\/v2\/types\/page"}],"author":[{"embeddable":true,"href":"https:\/\/agricolabgl.com\/eus\/wp-json\/wp\/v2\/users\/1"}],"replies":[{"embeddable":true,"href":"https:\/\/agricolabgl.com\/eus\/wp-json\/wp\/v2\/comments?post=2"}],"version-history":[{"count":23,"href":"https:\/\/agricolabgl.com\/eus\/wp-json\/wp\/v2\/pages\/2\/revisions"}],"predecessor-version":[{"id":297,"href":"https:\/\/agricolabgl.com\/eus\/wp-json\/wp\/v2\/pages\/2\/revisions\/297"}],"wp:attachment":[{"href":"https:\/\/agricolabgl.com\/eus\/wp-json\/wp\/v2\/media?parent=2"}],"curies":[{"name":"wp","href":"https:\/\/api.w.org\/{rel}","templated":true}]}}